{"id":1983,"date":"2023-11-15T19:28:50","date_gmt":"2023-11-15T19:28:50","guid":{"rendered":"https:\/\/navona.ca\/?page_id=1983"},"modified":"2026-03-18T17:08:36","modified_gmt":"2026-03-18T17:08:36","slug":"management-team-g","status":"publish","type":"page","link":"https:\/\/navona.ca\/de\/management-team-g\/","title":{"rendered":"Management Team"},"content":{"rendered":"<p>[et_pb_section fb_built=&#8221;1&#8243; module_id=&#8221;team-section&#8221; module_class=&#8221;property-section&#8221; _builder_version=&#8221;4.7.5&#8243; _module_preset=&#8221;default&#8221; background_image=&#8221;https:\/\/navona.ca\/wp-content\/uploads\/2022\/04\/portfolio-banner.png&#8221;][et_pb_row module_id=&#8221;service-title-row&#8221; module_class=&#8221;property-title-row &#8221; _builder_version=&#8221;4.7.5&#8243; _module_preset=&#8221;default&#8221; background_color=&#8221;#fff&#8221; width=&#8221;100%&#8221; collapsed=&#8221;on&#8221;][et_pb_column type=&#8221;4_4&#8243; _builder_version=&#8221;4.7.5&#8243; _module_preset=&#8221;default&#8221;][et_pb_text module_class=&#8221;services-text&#8221; _builder_version=&#8221;4.7.5&#8243; _module_preset=&#8221;default&#8221; header_font=&#8221;||||||||&#8221;]<\/p>\n<h1 style=\"text-align: center;\"><\/h1>\n<h1 style=\"text-align: center;\"><\/h1>\n<h1 style=\"text-align: center;\">\u00dcber Navona | <span>Management Team<\/span><\/h1>\n<p>[\/et_pb_text][\/et_pb_column][\/et_pb_row][et_pb_row module_id=&#8221;team-row2&#8243; module_class=&#8221;team-row1&#8243; _builder_version=&#8221;4.7.5&#8243; _module_preset=&#8221;default&#8221; background_color=&#8221;#ffffff&#8221; width=&#8221;100%&#8221; collapsed=&#8221;on&#8221;][et_pb_column type=&#8221;4_4&#8243; _builder_version=&#8221;4.7.5&#8243; _module_preset=&#8221;default&#8221;][et_pb_text module_class=&#8221;services-text&#8221; _builder_version=&#8221;4.7.5&#8243; _module_preset=&#8221;default&#8221; width=&#8221;100%&#8221; min_height=&#8221;351.3px&#8221; custom_margin=&#8221;|48px||-2px||&#8221; custom_padding=&#8221;|0px|53px|0px||&#8221; hover_enabled=&#8221;0&#8243; sticky_enabled=&#8221;0&#8243;]<\/p>\n<h5 style=\"text-align: left;\"><strong class=\"header\">Kimmy Phu \u2013 President and Controller<\/strong><\/h5>\n<p style=\"text-align: left;\"><strong class=\"header\"><a href=\"https:\/\/navona.ca\/kimmy\/\"><img loading=\"lazy\" decoding=\"async\" class=\"wp-image-1960 alignleft size-medium\" src=\"https:\/\/navona.ca\/wp-content\/uploads\/2023\/11\/Kimmy-200x300.jpg\" alt=\"\" width=\"200\" height=\"300\" \/><\/a><\/strong>Frau Phu ist diplomierte Wirtschaftspr\u00fcferin und schloss Ihre akademische Ausbildung in Business Adminstration<br \/>des Humber Colleges sowie mit einem Bachelor of Commerce an der Ryerson University (beide Toronto) ab.\u00a0 Im Controlling verf\u00fcgt Frau Phu \u00fcber langj\u00e4hrige Erfahrungen und war bis zu Ihrem Wechsel beim kanadischen Real Estate Investment Trust CREIT t\u00e4tig, wo sie eine leitende Position im Rechnungswesen hielt. Frau Phu unterst\u00fctzt Navona in den Bereichen Objektabrechnung, Gesellschaftsabrechnung und -budgetierung, Wirtschaftspr\u00fcfer-koordination, Steuererkl\u00e4rungen und \u2013vorauszahlungen, Verwaltung der Versicherungspolicen, sowie bei Sonderprojekten.<\/p>\n<p>[\/et_pb_text][et_pb_text module_class=&#8221;services-text&#8221; _builder_version=&#8221;4.7.5&#8243; _module_preset=&#8221;default&#8221; min_height=&#8221;304.3px&#8221; custom_padding=&#8221;|48px|0px|||&#8221; hover_enabled=&#8221;0&#8243; sticky_enabled=&#8221;0&#8243;]<\/p>\n<h5><strong>Jennifer Belille \u2013 <\/strong><strong>Vice President, Property Management and Leasing \u2013 Navona Realty Services Inc.<\/strong><\/h5>\n<p style=\"text-align: justify;\"><strong><span class=\"header\"><a href=\"https:\/\/navona.ca\/8-jennifer-belille\/\"><img loading=\"lazy\" decoding=\"async\" class=\"wp-image-1958 alignleft size-medium\" src=\"https:\/\/navona.ca\/wp-content\/uploads\/2023\/11\/8-Jennifer-Belille-300x254.jpg\" alt=\"\" width=\"300\" height=\"254\" \/><\/a><\/span><\/strong>Frau Belille ist seit November 2011 bei Navona Realty Services Inc. als Hausverwalterin t\u00e4tig. Davor war Frau Belille im Hausverwaltungsbereich eines gro\u00dfen Lebensmitteleinzelh\u00e4ndlers besch\u00e4ftigt, wo sie f\u00fcr die Verwaltung eines Portfolios von 120 M\u00e4rkten in der Region Ontario zust\u00e4ndig war. Hierbei \u00fcberwachte Frau Belille Mietvertragsverwaltung und Mieterkoordination. Im Rahmen ihrer 21 j\u00e4hrigen Karriere in der gewerblichen Immobilienwirtschaft konnte Frau Belille ihr Wissen in allen wichtigen Aspekten der Haus- und Geb\u00e4udeverwaltung erweitern. Als Absolventin des Rechtsprogramms von Humber College verf\u00fcgt Frau Belille \u00fcber hervorragende Kenntnisse in der Mietvertragsgestaltung und -verwaltung.<\/p>\n<p>[\/et_pb_text][et_pb_text module_class=&#8221;services-text&#8221; _builder_version=&#8221;4.7.5&#8243; _module_preset=&#8221;default&#8221; min_height=&#8221;260.7px&#8221; custom_padding=&#8221;|65px|44px|||&#8221;]<\/p>\n<h5 style=\"text-align: left;\"><strong>Thomas Gamper \u2013 <\/strong><strong>Vice President \u2013 Client Relations<\/strong><\/h5>\n<p style=\"text-align: justify;\"><strong><a href=\"https:\/\/navona.ca\/thomas-gamper-photo\/\"><img loading=\"lazy\" decoding=\"async\" class=\"alignleft wp-image-2207 size-medium\" src=\"https:\/\/navona.ca\/wp-content\/uploads\/2026\/03\/Thomas-Gamper-photo-225x300.jpg\" alt=\"\" width=\"225\" height=\"300\" \/><\/a><\/strong>Thomas Gamper hat nach seinem Jura Studium in Innsbruck\/\u00d6sterreich &amp; Padua\/Italien im Jahr 1994 die staatliche Pr\u00fcfung als Wirtschafts- und Steuerberater in S\u00fcdtirol\/Italien abgelegt und war seitdem jeweils als Partner in der Kanzlei Gruber &amp; Gamper von 1994-2008 und anschlie\u00dfend in der Kanzlei Taktiva von 2008-2025 t\u00e4tig.Mit einer fundierten Basis als <strong>Wirtschafts- und Steuerberater<\/strong> und langj\u00e4hriger Erfahrung in der Immobilienentwicklung bringt Thomas Gamper eine seltene Kombination aus wirtschafts- und steuerrechtlichen Themen und dem Immobilien-Assetmanagement in das Team von Navona Corporate Management ein.<\/p>\n<p>[\/et_pb_text][et_pb_text module_class=&#8221;services-text&#8221; _builder_version=&#8221;4.7.5&#8243; _module_preset=&#8221;default&#8221; min_height=&#8221;260.7px&#8221; custom_padding=&#8221;|65px|44px|||&#8221;]<\/p>\n<h5 style=\"text-align: left;\"><strong>Dr. Bernd Abromeit-Kremser \u2013<\/strong><strong>Vice President \u2013 Client Relations and Acquisition<\/strong><\/h5>\n<p style=\"text-align: justify;\"><strong><a href=\"https:\/\/navona.ca\/6-bernd-abromeit-kremser\/\"><img loading=\"lazy\" decoding=\"async\" class=\"wp-image-1956 alignleft size-medium\" src=\"https:\/\/navona.ca\/wp-content\/uploads\/2023\/11\/6-Bernd-Abromeit-Kremser-300x200.jpg\" alt=\"\" width=\"300\" height=\"200\" \/><\/a><\/strong>Bis 1992 war Dr. Abromeit-Kremser Vizepr\u00e4sident einer privaten Immobilieninvestmentgruppe. In seiner Funktion als Berater f\u00fcr Privatkunden f\u00fchrte er erfolgreich einen Management-Buy-out des Privatkundengesch\u00e4fts mit seiner neu gegr\u00fcndeten Firma Navona Investors Services Limited durch. Dr. Abromeit-Kremser besitzt einen Bachelor-Abschluss in Wirtschaftswissenschaften (B.Com.) der Universit\u00e4t Toronto und promovierte an der Wirtschaftsuniversit\u00e4t Wien mit Auszeichnung (Magna Cum Laude) f\u00fcr seine Dissertation \u00fcber \u201eOffene Immobilien-Investmentfonds\u201c. Im Jahr 2025 verkaufte Bernd Abromeit-Kremser seine Anteile an Navona an Kimmy Phu, Jennifer Belille und Thomas Gamper.<\/p>\n<p>[\/et_pb_text][\/et_pb_column][\/et_pb_row][\/et_pb_section]<\/p>\n","protected":false},"excerpt":{"rendered":"<p>[et_pb_section fb_built=&#8221;1&#8243; module_id=&#8221;team-section&#8221; module_class=&#8221;property-section&#8221; _builder_version=&#8221;4.7.5&#8243; _module_preset=&#8221;default&#8221; background_image=&#8221;https:\/\/navona.ca\/wp-content\/uploads\/2022\/04\/portfolio-banner.png&#8221;][et_pb_row module_id=&#8221;service-title-row&#8221; module_class=&#8221;property-title-row &#8221; _builder_version=&#8221;4.7.5&#8243; _module_preset=&#8221;default&#8221; background_color=&#8221;#fff&#8221; width=&#8221;100%&#8221; collapsed=&#8221;on&#8221;][et_pb_column type=&#8221;4_4&#8243; _builder_version=&#8221;4.7.5&#8243; _module_preset=&#8221;default&#8221;][et_pb_text module_class=&#8221;services-text&#8221; _builder_version=&#8221;4.7.5&#8243; _module_preset=&#8221;default&#8221; header_font=&#8221;||||||||&#8221;] \u00dcber Navona | Management Team [\/et_pb_text][\/et_pb_column][\/et_pb_row][et_pb_row module_id=&#8221;team-row2&#8243; module_class=&#8221;team-row1&#8243; _builder_version=&#8221;4.7.5&#8243; _module_preset=&#8221;default&#8221; background_color=&#8221;#ffffff&#8221; width=&#8221;100%&#8221; collapsed=&#8221;on&#8221;][et_pb_column type=&#8221;4_4&#8243; _builder_version=&#8221;4.7.5&#8243; _module_preset=&#8221;default&#8221;][et_pb_text module_class=&#8221;services-text&#8221; _builder_version=&#8221;4.7.5&#8243; _module_preset=&#8221;default&#8221; width=&#8221;100%&#8221; min_height=&#8221;351.3px&#8221; custom_margin=&#8221;|48px||-2px||&#8221; custom_padding=&#8221;|0px|53px|0px||&#8221; hover_enabled=&#8221;0&#8243; sticky_enabled=&#8221;0&#8243;] Kimmy Phu \u2013 President and Controller Frau Phu [&hellip;]<\/p>\n","protected":false},"author":3,"featured_media":0,"parent":0,"menu_order":0,"comment_status":"closed","ping_status":"closed","template":"","meta":{"_et_pb_use_builder":"on","_et_pb_old_content":"","_et_gb_content_width":"","footnotes":""},"class_list":["post-1983","page","type-page","status-publish","hentry"],"featured_image_src":null,"featured_image_src_square":null,"_links":{"self":[{"href":"https:\/\/navona.ca\/de\/wp-json\/wp\/v2\/pages\/1983","targetHints":{"allow":["GET"]}}],"collection":[{"href":"https:\/\/navona.ca\/de\/wp-json\/wp\/v2\/pages"}],"about":[{"href":"https:\/\/navona.ca\/de\/wp-json\/wp\/v2\/types\/page"}],"author":[{"embeddable":true,"href":"https:\/\/navona.ca\/de\/wp-json\/wp\/v2\/users\/3"}],"replies":[{"embeddable":true,"href":"https:\/\/navona.ca\/de\/wp-json\/wp\/v2\/comments?post=1983"}],"version-history":[{"count":0,"href":"https:\/\/navona.ca\/de\/wp-json\/wp\/v2\/pages\/1983\/revisions"}],"wp:attachment":[{"href":"https:\/\/navona.ca\/de\/wp-json\/wp\/v2\/media?parent=1983"}],"curies":[{"name":"wp","href":"https:\/\/api.w.org\/{rel}","templated":true}]}}