{"id":1609,"date":"2022-11-17T01:42:05","date_gmt":"2022-11-17T01:42:05","guid":{"rendered":"https:\/\/navona.ca\/?page_id=1609"},"modified":"2022-11-20T15:51:18","modified_gmt":"2022-11-20T15:51:18","slug":"properties_bock-2g","status":"publish","type":"page","link":"https:\/\/navona.ca\/de\/properties_bock-2g\/","title":{"rendered":"properties_bock german"},"content":{"rendered":"<p>[et_pb_section fb_built=&#8221;1&#8243; module_class=&#8221;property-section&#8221; _builder_version=&#8221;4.7.5&#8243; _module_preset=&#8221;default&#8221; background_image=&#8221;https:\/\/navona.ca\/wp-content\/uploads\/2022\/04\/portfolio-banner.png&#8221;][et_pb_row module_class=&#8221;property-title-row&#8221; _builder_version=&#8221;4.7.5&#8243; _module_preset=&#8221;default&#8221; background_color=&#8221;#fff&#8221; width=&#8221;100%&#8221; collapsed=&#8221;on&#8221;][et_pb_column type=&#8221;4_4&#8243; _builder_version=&#8221;4.7.5&#8243; _module_preset=&#8221;default&#8221;][et_pb_text _builder_version=&#8221;4.7.5&#8243; _module_preset=&#8221;default&#8221;]<\/p>\n<h1>Portfolio | <span>Properties<\/span><\/h1>\n<p>[\/et_pb_text][\/et_pb_column][\/et_pb_row][et_pb_row column_structure=&#8221;3_5,2_5&#8243; module_class=&#8221;property-row&#8221; _builder_version=&#8221;4.7.5&#8243; _module_preset=&#8221;default&#8221; background_color=&#8221;#ffffff&#8221; width=&#8221;100%&#8221; collapsed=&#8221;off&#8221;][et_pb_column type=&#8221;3_5&#8243; module_class=&#8221;property-description-col&#8221; _builder_version=&#8221;4.7.5&#8243; _module_preset=&#8221;default&#8221;][et_pb_text _builder_version=&#8221;4.7.5&#8243; _module_preset=&#8221;default&#8221;]<\/p>\n<h4>18 Cherry Blossom Road, Cambridge, Ontario<\/h4>\n<table style=\"float: left;\">\n<tbody>\n<tr>\n<td><strong>Baujahr:<\/strong><\/td>\n<td>1998<\/td>\n<\/tr>\n<tr>\n<td><strong>Kaufdatum:<\/strong><\/td>\n<td>March 2013<\/td>\n<\/tr>\n<tr>\n<td><strong>Grundst\u00fccksfl\u00e4che:<\/strong><\/td>\n<td style=\"text-align: left;\"><span>Bebautes Grundst\u00fcck rd. 5,5 Acre (21.853 qm). Auf Grund der \u00dcbergr\u00f6\u00dfe k\u00f6nnte das Geb\u00e4ude um zus\u00e4tzliche 50.750 Square Feet (rd. 4.715 qm) erweitert werden.<\/span><\/td>\n<\/tr>\n<tr>\n<td><strong>Geb\u00e4ude:<\/strong><\/td>\n<td>\n<ul>\n<li>B\u00fcro\u00a0 \u00a0 \u00a0 \u00a0 \u00a0 \u00a0 \u00a0 \u00a0 \u00a0 \u00a0 \u00a0 \u00a0 \u00a07.015 sq.ft.\u00a0 \u00a0 (652 qm)<\/li>\n<li>Fertigung\u00a0 \u00a0 \u00a0 \u00a0 \u00a0 \u00a0 \u00a0 \u00a0 79.750 sq.ft. (7.409 qm)<\/li>\n<li>Mezzanine\u00a0 \u00a0 \u00a0 \u00a0 \u00a0 \u00a0 \u00a0 \u00a0 <span><span style=\"text-decoration: underline;\">8.931 sq.ft.\u00a0 \u00a0 (830 qm)<\/span><\/span><\/li>\n<li>Gesamtfl\u00e4che\u00a0 \u00a0 \u00a0 \u00a0 \u00a0 \u00a095.696 sq.ft. (8.891 qm)<\/li>\n<\/ul>\n<\/td>\n<\/tr>\n<tr>\n<td><strong>Mieter:<\/strong><\/td>\n<td><span>Als kanadische Tochtergesellschaft der deutschen Bock-Gruppe ist das Unternehmen eines der f\u00fchrenden Zulieferer der B\u00fcrom\u00f6bel und Automobilbranche.<\/span><\/td>\n<\/tr>\n<\/tbody>\n<\/table>\n<p>&nbsp;<\/p>\n<p>[\/et_pb_text][\/et_pb_column][et_pb_column type=&#8221;2_5&#8243; module_class=&#8221;property-image-col&#8221; _builder_version=&#8221;4.7.5&#8243; _module_preset=&#8221;default&#8221;][et_pb_image src=&#8221;https:\/\/navona.ca\/wp-content\/uploads\/2022\/04\/portfolio-img1.png&#8221; title_text=&#8221;portfolio-img1&#8243; align=&#8221;center&#8221; module_class=&#8221;property-img&#8221; _builder_version=&#8221;4.7.5&#8243; _module_preset=&#8221;default&#8221;][\/et_pb_image][\/et_pb_column][\/et_pb_row][\/et_pb_section]<\/p>\n","protected":false},"excerpt":{"rendered":"<p>[et_pb_section fb_built=&#8221;1&#8243; module_class=&#8221;property-section&#8221; _builder_version=&#8221;4.7.5&#8243; _module_preset=&#8221;default&#8221; background_image=&#8221;https:\/\/navona.ca\/wp-content\/uploads\/2022\/04\/portfolio-banner.png&#8221;][et_pb_row module_class=&#8221;property-title-row&#8221; _builder_version=&#8221;4.7.5&#8243; _module_preset=&#8221;default&#8221; background_color=&#8221;#fff&#8221; width=&#8221;100%&#8221; collapsed=&#8221;on&#8221;][et_pb_column type=&#8221;4_4&#8243; _builder_version=&#8221;4.7.5&#8243; _module_preset=&#8221;default&#8221;][et_pb_text _builder_version=&#8221;4.7.5&#8243; _module_preset=&#8221;default&#8221;] Portfolio | Properties [\/et_pb_text][\/et_pb_column][\/et_pb_row][et_pb_row column_structure=&#8221;3_5,2_5&#8243; module_class=&#8221;property-row&#8221; _builder_version=&#8221;4.7.5&#8243; _module_preset=&#8221;default&#8221; background_color=&#8221;#ffffff&#8221; width=&#8221;100%&#8221; collapsed=&#8221;off&#8221;][et_pb_column type=&#8221;3_5&#8243; module_class=&#8221;property-description-col&#8221; _builder_version=&#8221;4.7.5&#8243; _module_preset=&#8221;default&#8221;][et_pb_text _builder_version=&#8221;4.7.5&#8243; _module_preset=&#8221;default&#8221;] 18 Cherry Blossom Road, Cambridge, Ontario Baujahr: 1998 Kaufdatum: March 2013 Grundst\u00fccksfl\u00e4che: Bebautes Grundst\u00fcck rd. 5,5 Acre (21.853 qm). Auf Grund [&hellip;]<\/p>\n","protected":false},"author":3,"featured_media":0,"parent":0,"menu_order":0,"comment_status":"closed","ping_status":"closed","template":"","meta":{"_et_pb_use_builder":"on","_et_pb_old_content":"","_et_gb_content_width":"","footnotes":""},"class_list":["post-1609","page","type-page","status-publish","hentry"],"featured_image_src":null,"featured_image_src_square":null,"_links":{"self":[{"href":"https:\/\/navona.ca\/de\/wp-json\/wp\/v2\/pages\/1609","targetHints":{"allow":["GET"]}}],"collection":[{"href":"https:\/\/navona.ca\/de\/wp-json\/wp\/v2\/pages"}],"about":[{"href":"https:\/\/navona.ca\/de\/wp-json\/wp\/v2\/types\/page"}],"author":[{"embeddable":true,"href":"https:\/\/navona.ca\/de\/wp-json\/wp\/v2\/users\/3"}],"replies":[{"embeddable":true,"href":"https:\/\/navona.ca\/de\/wp-json\/wp\/v2\/comments?post=1609"}],"version-history":[{"count":0,"href":"https:\/\/navona.ca\/de\/wp-json\/wp\/v2\/pages\/1609\/revisions"}],"wp:attachment":[{"href":"https:\/\/navona.ca\/de\/wp-json\/wp\/v2\/media?parent=1609"}],"curies":[{"name":"wp","href":"https:\/\/api.w.org\/{rel}","templated":true}]}}