{"id":1604,"date":"2022-11-15T16:31:42","date_gmt":"2022-11-15T16:31:42","guid":{"rendered":"https:\/\/navona.ca\/?page_id=1604"},"modified":"2022-11-15T16:34:16","modified_gmt":"2022-11-15T16:34:16","slug":"properties_corporatesquare-2g","status":"publish","type":"page","link":"https:\/\/navona.ca\/de\/properties_corporatesquare-2g\/","title":{"rendered":"properties_CorporateSquare German"},"content":{"rendered":"<p>[et_pb_section fb_built=&#8221;1&#8243; module_class=&#8221;property-section&#8221; _builder_version=&#8221;4.7.5&#8243; _module_preset=&#8221;default&#8221; background_image=&#8221;https:\/\/navona.ca\/wp-content\/uploads\/2022\/04\/portfolio-banner.png&#8221;][et_pb_row module_class=&#8221;property-title-row&#8221; _builder_version=&#8221;4.7.5&#8243; _module_preset=&#8221;default&#8221; background_color=&#8221;#fff&#8221; width=&#8221;100%&#8221; collapsed=&#8221;on&#8221;][et_pb_column type=&#8221;4_4&#8243; _builder_version=&#8221;4.7.5&#8243; _module_preset=&#8221;default&#8221;][et_pb_text _builder_version=&#8221;4.7.5&#8243; _module_preset=&#8221;default&#8221;]<\/p>\n<h1>Portfolio | <span>Properties<\/span><\/h1>\n<p>[\/et_pb_text][\/et_pb_column][\/et_pb_row][et_pb_row column_structure=&#8221;3_5,2_5&#8243; module_class=&#8221;property-row&#8221; _builder_version=&#8221;4.7.5&#8243; _module_preset=&#8221;default&#8221; background_color=&#8221;#ffffff&#8221; width=&#8221;100%&#8221; collapsed=&#8221;off&#8221;][et_pb_column type=&#8221;3_5&#8243; module_class=&#8221;property-description-col&#8221; _builder_version=&#8221;4.7.5&#8243; _module_preset=&#8221;default&#8221;][et_pb_text module_class=&#8221;corporate-florida-prop&#8221; _builder_version=&#8221;4.7.5&#8243; _module_preset=&#8221;default&#8221;]<\/p>\n<h4>4344 Corporate Square, Naples, Florida<\/h4>\n<table style=\"width: 670.172px;\">\n<tbody>\n<tr style=\"height: 23px;\">\n<td style=\"height: 23px; width: 114px;\"><strong>Baujahr:<\/strong><\/td>\n<td style=\"height: 23px; width: 540.172px;\">2000<\/td>\n<\/tr>\n<tr style=\"height: 23px;\">\n<td style=\"height: 23px; width: 114px;\"><strong>Kaufdatum:<\/strong><\/td>\n<td style=\"height: 23px; width: 540.172px;\">September 2011<\/td>\n<\/tr>\n<tr style=\"height: 23px;\">\n<td style=\"height: 23px; width: 114px;\"><strong>Grundst\u00fcck:<\/strong><\/td>\n<td style=\"height: 23px; width: 540.172px;\">0,78 Acre (3,156 qm)<\/td>\n<\/tr>\n<tr style=\"height: 127px;\">\n<td style=\"height: 127px; width: 114px;\"><strong>Geb\u00e4ude:<\/strong><\/td>\n<td style=\"height: 127px; width: 540.172px;\">\n<ul>\n<li>B\u00fcro\u00a0 \u00a0 \u00a0 \u00a0 \u00a0 \u00a0 \u00a0 \u00a0 \u00a0 \u00a0 \u00a0 \u00a0 \u00a0 \u00a0 \u00a0 3.608 sq.ft.\u00a0 (3.352 qm)<\/li>\n<li>Lager\u00a0 \u00a0 \u00a0 \u00a0 \u00a0 \u00a0 \u00a0 \u00a0 \u00a0 \u00a0 \u00a0 \u00a0 \u00a0 \u00a0 \u00a06.556 sq.ft.\u00a0 \u00a0 \u00a0(609 qm)<\/li>\n<li>Showroom\u00a0 \u00a0 \u00a0 \u00a0 \u00a0 \u00a0 \u00a0 \u00a0 \u00a0\u00a0\u00a0 \u00a0<span style=\"text-decoration: underline;\">2.886 sq.ft.\u00a0 \u00a0 \u00a0(268 qm)<\/span><\/li>\n<li>Gesamtfl\u00e4che\u00a0 \u00a0 \u00a0 \u00a0 \u00a0 \u00a0 \u00a0 \u00a0 13.050 sq.ft.\u00a0 (12.012 qm)<\/li>\n<\/ul>\n<\/td>\n<\/tr>\n<tr style=\"height: 15px;\">\n<td style=\"height: 15px; width: 114px;\"><strong>Mieter:<\/strong><\/td>\n<td style=\"height: 15px; width: 540.172px;\">\n<ul>\n<li>Mehrere Mieter<\/li>\n<\/ul>\n<ul><\/ul>\n<\/td>\n<\/tr>\n<tr style=\"height: 18.2852px;\">\n<td style=\"height: 18.2852px; width: 114px;\"><strong><\/strong><\/td>\n<td style=\"height: 18.2852px; width: 540.172px;\"><\/td>\n<\/tr>\n<\/tbody>\n<\/table>\n<p>[\/et_pb_text][\/et_pb_column][et_pb_column type=&#8221;2_5&#8243; module_class=&#8221;property-image-col&#8221; _builder_version=&#8221;4.7.5&#8243; _module_preset=&#8221;default&#8221;][et_pb_image src=&#8221;https:\/\/navona.ca\/wp-content\/uploads\/2022\/05\/corporate.jpg&#8221; title_text=&#8221;corporate&#8221; align=&#8221;center&#8221; module_class=&#8221;property-img&#8221; _builder_version=&#8221;4.7.5&#8243; _module_preset=&#8221;default&#8221;][\/et_pb_image][\/et_pb_column][\/et_pb_row][\/et_pb_section]<\/p>\n","protected":false},"excerpt":{"rendered":"<p>[et_pb_section fb_built=&#8221;1&#8243; module_class=&#8221;property-section&#8221; _builder_version=&#8221;4.7.5&#8243; _module_preset=&#8221;default&#8221; background_image=&#8221;https:\/\/navona.ca\/wp-content\/uploads\/2022\/04\/portfolio-banner.png&#8221;][et_pb_row module_class=&#8221;property-title-row&#8221; _builder_version=&#8221;4.7.5&#8243; _module_preset=&#8221;default&#8221; background_color=&#8221;#fff&#8221; width=&#8221;100%&#8221; collapsed=&#8221;on&#8221;][et_pb_column type=&#8221;4_4&#8243; _builder_version=&#8221;4.7.5&#8243; _module_preset=&#8221;default&#8221;][et_pb_text _builder_version=&#8221;4.7.5&#8243; _module_preset=&#8221;default&#8221;] Portfolio | Properties [\/et_pb_text][\/et_pb_column][\/et_pb_row][et_pb_row column_structure=&#8221;3_5,2_5&#8243; module_class=&#8221;property-row&#8221; _builder_version=&#8221;4.7.5&#8243; _module_preset=&#8221;default&#8221; background_color=&#8221;#ffffff&#8221; width=&#8221;100%&#8221; collapsed=&#8221;off&#8221;][et_pb_column type=&#8221;3_5&#8243; module_class=&#8221;property-description-col&#8221; _builder_version=&#8221;4.7.5&#8243; _module_preset=&#8221;default&#8221;][et_pb_text module_class=&#8221;corporate-florida-prop&#8221; _builder_version=&#8221;4.7.5&#8243; _module_preset=&#8221;default&#8221;] 4344 Corporate Square, Naples, Florida Baujahr: 2000 Kaufdatum: September 2011 Grundst\u00fcck: 0,78 Acre (3,156 qm) Geb\u00e4ude: B\u00fcro\u00a0 \u00a0 \u00a0 \u00a0 [&hellip;]<\/p>\n","protected":false},"author":3,"featured_media":0,"parent":0,"menu_order":0,"comment_status":"closed","ping_status":"closed","template":"","meta":{"_et_pb_use_builder":"on","_et_pb_old_content":"","_et_gb_content_width":"","footnotes":""},"class_list":["post-1604","page","type-page","status-publish","hentry"],"featured_image_src":null,"featured_image_src_square":null,"_links":{"self":[{"href":"https:\/\/navona.ca\/de\/wp-json\/wp\/v2\/pages\/1604","targetHints":{"allow":["GET"]}}],"collection":[{"href":"https:\/\/navona.ca\/de\/wp-json\/wp\/v2\/pages"}],"about":[{"href":"https:\/\/navona.ca\/de\/wp-json\/wp\/v2\/types\/page"}],"author":[{"embeddable":true,"href":"https:\/\/navona.ca\/de\/wp-json\/wp\/v2\/users\/3"}],"replies":[{"embeddable":true,"href":"https:\/\/navona.ca\/de\/wp-json\/wp\/v2\/comments?post=1604"}],"version-history":[{"count":0,"href":"https:\/\/navona.ca\/de\/wp-json\/wp\/v2\/pages\/1604\/revisions"}],"wp:attachment":[{"href":"https:\/\/navona.ca\/de\/wp-json\/wp\/v2\/media?parent=1604"}],"curies":[{"name":"wp","href":"https:\/\/api.w.org\/{rel}","templated":true}]}}