{"id":1583,"date":"2022-11-06T20:41:24","date_gmt":"2022-11-06T20:41:24","guid":{"rendered":"https:\/\/navona.ca\/?page_id=1583"},"modified":"2022-11-13T18:41:51","modified_gmt":"2022-11-13T18:41:51","slug":"same-day-right-o-way-2e","status":"publish","type":"page","link":"https:\/\/navona.ca\/de\/same-day-right-o-way-2e\/","title":{"rendered":"Same Day Right-O-Way German"},"content":{"rendered":"<p>[et_pb_section fb_built=&#8221;1&#8243; module_class=&#8221;property-section&#8221; _builder_version=&#8221;4.7.5&#8243; _module_preset=&#8221;default&#8221; background_image=&#8221;https:\/\/navona.ca\/wp-content\/uploads\/2022\/04\/portfolio-banner.png&#8221;][et_pb_row module_class=&#8221;property-title-row&#8221; _builder_version=&#8221;4.7.5&#8243; _module_preset=&#8221;default&#8221; background_color=&#8221;#fff&#8221; width=&#8221;100%&#8221; collapsed=&#8221;on&#8221;][et_pb_column type=&#8221;4_4&#8243; _builder_version=&#8221;4.7.5&#8243; _module_preset=&#8221;default&#8221;][et_pb_text _builder_version=&#8221;4.7.5&#8243; _module_preset=&#8221;default&#8221;]<\/p>\n<h1>Portfolio | <span>Properties<\/span><\/h1>\n<p>[\/et_pb_text][\/et_pb_column][\/et_pb_row][et_pb_row column_structure=&#8221;3_5,2_5&#8243; module_class=&#8221;property-row&#8221; _builder_version=&#8221;4.7.5&#8243; _module_preset=&#8221;default&#8221; background_color=&#8221;#ffffff&#8221; width=&#8221;100%&#8221; collapsed=&#8221;off&#8221;][et_pb_column type=&#8221;3_5&#8243; module_class=&#8221;property-description-col&#8221; _builder_version=&#8221;4.7.5&#8243; _module_preset=&#8221;default&#8221;][et_pb_text _builder_version=&#8221;4.7.5&#8243; _module_preset=&#8221;default&#8221;]<\/p>\n<h4>6975 Menkes Drive, Mississauga, Ontario<\/h4>\n<table>\n<tbody>\n<tr>\n<td><strong>Baujahr:<\/strong><\/td>\n<td>Januar 1997<\/td>\n<\/tr>\n<tr>\n<td><strong>Kaufdatum:<\/strong><\/td>\n<td>Juni 1997<\/td>\n<\/tr>\n<tr>\n<td><strong>Grundst\u00fcck:<\/strong><\/td>\n<td>5,79 Acre<\/td>\n<\/tr>\n<tr>\n<td><strong>Geb\u00e4ude:<\/strong><\/td>\n<td>\n<ul>\n<li>B\u00fcro\u00a0 \u00a0 \u00a0 \u00a0 \u00a0 \u00a0 \u00a0 \u00a0 \u00a0 \u00a0 \u00a0 \u00a0 \u00a0 \u00a0 \u00a020.000 sq.ft. (1.858 qm)<\/li>\n<li>Lager\u00a0 \u00a0 \u00a0 \u00a0 \u00a0 \u00a0 \u00a0 \u00a0 \u00a0 \u00a0 \u00a0 \u00a0 \u00a0 \u00a0\u00a0<span style=\"text-decoration: underline;\">79.917\u00a0 sq.ft. (7.425 qm)<\/span><\/li>\n<li>Gesamtfl\u00e4che\u00a0 \u00a0 \u00a0 \u00a0 \u00a0 \u00a0 \u00a0 \u00a0 99.917\u00a0 sq.ft. (9.283 qm)<\/li>\n<\/ul>\n<\/td>\n<\/tr>\n<tr>\n<td><strong>Mieter:<\/strong><\/td>\n<td>\n<ul>\n<li>Same Day, ein Unternehmen der Firmengruppe Day &amp; Ross Inc. Day &amp; Ross dient als Transportarm des kanadischen McCain-Lebensmittelimperiums ($10 Milliarden Umsatz, eines der gr\u00f6\u00dften im Privatbesitz befindlichen kanadischen Unternehmen).<\/li>\n<\/ul>\n<\/td>\n<\/tr>\n<\/tbody>\n<\/table>\n<p>&nbsp;<\/p>\n<p>[\/et_pb_text][\/et_pb_column][et_pb_column type=&#8221;2_5&#8243; module_class=&#8221;property-image-col&#8221; _builder_version=&#8221;4.7.5&#8243; _module_preset=&#8221;default&#8221;][et_pb_image src=&#8221;https:\/\/navona.ca\/wp-content\/uploads\/2022\/08\/same-1.jpg&#8221; title_text=&#8221;same&#8221; align=&#8221;center&#8221; module_class=&#8221;property-img&#8221; _builder_version=&#8221;4.7.5&#8243; _module_preset=&#8221;default&#8221;][\/et_pb_image][\/et_pb_column][\/et_pb_row][\/et_pb_section]<\/p>\n","protected":false},"excerpt":{"rendered":"<p>[et_pb_section fb_built=&#8221;1&#8243; module_class=&#8221;property-section&#8221; _builder_version=&#8221;4.7.5&#8243; _module_preset=&#8221;default&#8221; background_image=&#8221;https:\/\/navona.ca\/wp-content\/uploads\/2022\/04\/portfolio-banner.png&#8221;][et_pb_row module_class=&#8221;property-title-row&#8221; _builder_version=&#8221;4.7.5&#8243; _module_preset=&#8221;default&#8221; background_color=&#8221;#fff&#8221; width=&#8221;100%&#8221; collapsed=&#8221;on&#8221;][et_pb_column type=&#8221;4_4&#8243; _builder_version=&#8221;4.7.5&#8243; _module_preset=&#8221;default&#8221;][et_pb_text _builder_version=&#8221;4.7.5&#8243; _module_preset=&#8221;default&#8221;] Portfolio | Properties [\/et_pb_text][\/et_pb_column][\/et_pb_row][et_pb_row column_structure=&#8221;3_5,2_5&#8243; module_class=&#8221;property-row&#8221; _builder_version=&#8221;4.7.5&#8243; _module_preset=&#8221;default&#8221; background_color=&#8221;#ffffff&#8221; width=&#8221;100%&#8221; collapsed=&#8221;off&#8221;][et_pb_column type=&#8221;3_5&#8243; module_class=&#8221;property-description-col&#8221; _builder_version=&#8221;4.7.5&#8243; _module_preset=&#8221;default&#8221;][et_pb_text _builder_version=&#8221;4.7.5&#8243; _module_preset=&#8221;default&#8221;] 6975 Menkes Drive, Mississauga, Ontario Baujahr: Januar 1997 Kaufdatum: Juni 1997 Grundst\u00fcck: 5,79 Acre Geb\u00e4ude: B\u00fcro\u00a0 \u00a0 \u00a0 \u00a0 \u00a0 \u00a0 [&hellip;]<\/p>\n","protected":false},"author":3,"featured_media":0,"parent":0,"menu_order":0,"comment_status":"closed","ping_status":"closed","template":"","meta":{"_et_pb_use_builder":"on","_et_pb_old_content":"","_et_gb_content_width":"","footnotes":""},"class_list":["post-1583","page","type-page","status-publish","hentry"],"featured_image_src":null,"featured_image_src_square":null,"_links":{"self":[{"href":"https:\/\/navona.ca\/de\/wp-json\/wp\/v2\/pages\/1583","targetHints":{"allow":["GET"]}}],"collection":[{"href":"https:\/\/navona.ca\/de\/wp-json\/wp\/v2\/pages"}],"about":[{"href":"https:\/\/navona.ca\/de\/wp-json\/wp\/v2\/types\/page"}],"author":[{"embeddable":true,"href":"https:\/\/navona.ca\/de\/wp-json\/wp\/v2\/users\/3"}],"replies":[{"embeddable":true,"href":"https:\/\/navona.ca\/de\/wp-json\/wp\/v2\/comments?post=1583"}],"version-history":[{"count":0,"href":"https:\/\/navona.ca\/de\/wp-json\/wp\/v2\/pages\/1583\/revisions"}],"wp:attachment":[{"href":"https:\/\/navona.ca\/de\/wp-json\/wp\/v2\/media?parent=1583"}],"curies":[{"name":"wp","href":"https:\/\/api.w.org\/{rel}","templated":true}]}}