{"id":1458,"date":"2022-10-21T17:16:53","date_gmt":"2022-10-21T17:16:53","guid":{"rendered":"https:\/\/navona.ca\/?page_id=1458"},"modified":"2022-11-24T18:15:01","modified_gmt":"2022-11-24T18:15:01","slug":"hajoca-g","status":"publish","type":"page","link":"https:\/\/navona.ca\/de\/hajoca-g\/","title":{"rendered":"Hajoca-Geb\u00e4ude (G)"},"content":{"rendered":"<p>[et_pb_section fb_built=&#8221;1&#8243; module_class=&#8221;property-section&#8221; _builder_version=&#8221;4.7.5&#8243; _module_preset=&#8221;default&#8221; background_image=&#8221;https:\/\/navona.ca\/wp-content\/uploads\/2022\/04\/portfolio-banner.png&#8221;][et_pb_row module_class=&#8221;property-title-row&#8221; _builder_version=&#8221;4.7.5&#8243; _module_preset=&#8221;default&#8221; background_color=&#8221;#fff&#8221; width=&#8221;100%&#8221; collapsed=&#8221;on&#8221;][et_pb_column type=&#8221;4_4&#8243; _builder_version=&#8221;4.7.5&#8243; _module_preset=&#8221;default&#8221;][et_pb_text _builder_version=&#8221;4.7.5&#8243; _module_preset=&#8221;default&#8221;]<\/p>\n<h1>Portfolio | <span>Properties<\/span><\/h1>\n<p>[\/et_pb_text][\/et_pb_column][\/et_pb_row][et_pb_row column_structure=&#8221;3_5,2_5&#8243; module_class=&#8221;property-row&#8221; _builder_version=&#8221;4.7.5&#8243; _module_preset=&#8221;default&#8221; background_color=&#8221;#ffffff&#8221; width=&#8221;100%&#8221; collapsed=&#8221;off&#8221;][et_pb_column type=&#8221;3_5&#8243; module_class=&#8221;property-description-col&#8221; _builder_version=&#8221;4.7.5&#8243; _module_preset=&#8221;default&#8221;][et_pb_text _builder_version=&#8221;4.7.5&#8243; _module_preset=&#8221;default&#8221; hover_enabled=&#8221;0&#8243; sticky_enabled=&#8221;0&#8243;]<\/p>\n<h4>6101 Sawyer Loop Road, Sarasota, Florida<\/h4>\n<table style=\"width: 603.979px;\">\n<tbody>\n<tr>\n<td style=\"width: 103px;\"><strong>Baujahr:<\/strong><\/td>\n<td style=\"width: 486.979px;\">2019<\/td>\n<\/tr>\n<tr>\n<td style=\"width: 103px;\"><strong>Kaufdatum:<\/strong><\/td>\n<td style=\"width: 486.979px;\">August 2019<\/td>\n<\/tr>\n<tr>\n<td style=\"width: 103px;\"><strong>Grundst\u00fcck:<\/strong><\/td>\n<td style=\"width: 486.979px;\">6,6 Acre (26.709 qm)<\/td>\n<\/tr>\n<tr>\n<td style=\"width: 103px;\"><strong>Geb\u00e4ude:<\/strong><\/td>\n<td style=\"width: 486.979px;\">\n<ul>\n<li><span style=\"color: #333333;\">Lagerfl\u00e4chen\u00a0 \u00a0 \u00a0 \u00a0 \u00a0 \u00a0 \u00a0 \u00a0 \u00a0 \u00a0 \u00a0 \u00a0 \u00a0 50.000 sq.ft. (4.645 qm)<\/span><br \/> <span style=\"color: #333333;\">Ausstellungsraum\u00a0 \u00a0 \u00a0 \u00a0 \u00a0 \u00a0 \u00a0 \u00a0 \u00a0 \u00a0<span style=\"text-decoration: underline;\">10.000 sq.ft.\u00a0 \u00a0 (930 qm)<\/span><u><br \/> <\/u>Gesamtfl\u00e4che\u00a0 \u00a0 \u00a0 \u00a0 \u00a0 \u00a0 \u00a0 \u00a0 \u00a0 \u00a0 \u00a0 \u00a0 \u00a060.000 sq.ft. (5.575 qm)<\/span><\/li>\n<\/ul>\n<\/td>\n<\/tr>\n<tr>\n<td style=\"width: 103px;\"><strong>Mieter:<\/strong><\/td>\n<td style=\"width: 486.979px;\">\n<ul>\n<li style=\"text-align: left;\">Zu 100% langfristig an das Gro\u00df- und Einzel-handelsunternehmen f\u00fcr Sanit\u00e4r-, Heizungs- und Industriebedarf Hajoca Corporation vermietet.<\/li>\n<\/ul>\n<\/td>\n<\/tr>\n<\/tbody>\n<\/table>\n<p>&nbsp;<\/p>\n<p>[\/et_pb_text][\/et_pb_column][et_pb_column type=&#8221;2_5&#8243; module_class=&#8221;property-image-col&#8221; _builder_version=&#8221;4.7.5&#8243; _module_preset=&#8221;default&#8221;][et_pb_image src=&#8221;https:\/\/navona.ca\/wp-content\/uploads\/2022\/05\/image.jpg&#8221; title_text=&#8221;image&#8221; align=&#8221;center&#8221; module_class=&#8221;property-img&#8221; _builder_version=&#8221;4.7.5&#8243; _module_preset=&#8221;default&#8221;][\/et_pb_image][\/et_pb_column][\/et_pb_row][\/et_pb_section]<\/p>\n","protected":false},"excerpt":{"rendered":"<p>[et_pb_section fb_built=&#8221;1&#8243; module_class=&#8221;property-section&#8221; _builder_version=&#8221;4.7.5&#8243; _module_preset=&#8221;default&#8221; background_image=&#8221;https:\/\/navona.ca\/wp-content\/uploads\/2022\/04\/portfolio-banner.png&#8221;][et_pb_row module_class=&#8221;property-title-row&#8221; _builder_version=&#8221;4.7.5&#8243; _module_preset=&#8221;default&#8221; background_color=&#8221;#fff&#8221; width=&#8221;100%&#8221; collapsed=&#8221;on&#8221;][et_pb_column type=&#8221;4_4&#8243; _builder_version=&#8221;4.7.5&#8243; _module_preset=&#8221;default&#8221;][et_pb_text _builder_version=&#8221;4.7.5&#8243; _module_preset=&#8221;default&#8221;] Portfolio | Properties [\/et_pb_text][\/et_pb_column][\/et_pb_row][et_pb_row column_structure=&#8221;3_5,2_5&#8243; module_class=&#8221;property-row&#8221; _builder_version=&#8221;4.7.5&#8243; _module_preset=&#8221;default&#8221; background_color=&#8221;#ffffff&#8221; width=&#8221;100%&#8221; collapsed=&#8221;off&#8221;][et_pb_column type=&#8221;3_5&#8243; module_class=&#8221;property-description-col&#8221; _builder_version=&#8221;4.7.5&#8243; _module_preset=&#8221;default&#8221;][et_pb_text _builder_version=&#8221;4.7.5&#8243; _module_preset=&#8221;default&#8221; hover_enabled=&#8221;0&#8243; sticky_enabled=&#8221;0&#8243;] 6101 Sawyer Loop Road, Sarasota, Florida Baujahr: 2019 Kaufdatum: August 2019 Grundst\u00fcck: 6,6 Acre (26.709 qm) Geb\u00e4ude: Lagerfl\u00e4chen\u00a0 \u00a0 [&hellip;]<\/p>\n","protected":false},"author":3,"featured_media":0,"parent":0,"menu_order":0,"comment_status":"closed","ping_status":"closed","template":"","meta":{"_et_pb_use_builder":"on","_et_pb_old_content":"","_et_gb_content_width":"","footnotes":""},"class_list":["post-1458","page","type-page","status-publish","hentry"],"featured_image_src":null,"featured_image_src_square":null,"_links":{"self":[{"href":"https:\/\/navona.ca\/de\/wp-json\/wp\/v2\/pages\/1458","targetHints":{"allow":["GET"]}}],"collection":[{"href":"https:\/\/navona.ca\/de\/wp-json\/wp\/v2\/pages"}],"about":[{"href":"https:\/\/navona.ca\/de\/wp-json\/wp\/v2\/types\/page"}],"author":[{"embeddable":true,"href":"https:\/\/navona.ca\/de\/wp-json\/wp\/v2\/users\/3"}],"replies":[{"embeddable":true,"href":"https:\/\/navona.ca\/de\/wp-json\/wp\/v2\/comments?post=1458"}],"version-history":[{"count":0,"href":"https:\/\/navona.ca\/de\/wp-json\/wp\/v2\/pages\/1458\/revisions"}],"wp:attachment":[{"href":"https:\/\/navona.ca\/de\/wp-json\/wp\/v2\/media?parent=1458"}],"curies":[{"name":"wp","href":"https:\/\/api.w.org\/{rel}","templated":true}]}}