{"id":1392,"date":"2022-11-14T01:00:24","date_gmt":"2022-11-14T01:00:24","guid":{"rendered":"https:\/\/navona.ca\/?page_id=1392"},"modified":"2022-12-15T02:34:54","modified_gmt":"2022-12-15T02:34:54","slug":"130-bell-farm-road-g","status":"publish","type":"page","link":"https:\/\/navona.ca\/de\/130-bell-farm-road-g\/","title":{"rendered":"130 Bell Farm Road (G)"},"content":{"rendered":"<p>[et_pb_section fb_built=&#8221;1&#8243; module_class=&#8221;property-section&#8221; _builder_version=&#8221;4.7.5&#8243; _module_preset=&#8221;default&#8221; background_image=&#8221;https:\/\/navona.ca\/wp-content\/uploads\/2022\/04\/portfolio-banner.png&#8221;][et_pb_row module_class=&#8221;property-title-row&#8221; _builder_version=&#8221;4.7.5&#8243; _module_preset=&#8221;default&#8221; background_color=&#8221;#fff&#8221; width=&#8221;100%&#8221; collapsed=&#8221;on&#8221;][et_pb_column type=&#8221;4_4&#8243; _builder_version=&#8221;4.7.5&#8243; _module_preset=&#8221;default&#8221;][et_pb_text _builder_version=&#8221;4.7.5&#8243; _module_preset=&#8221;default&#8221;]<\/p>\n<h1>Portfolio | <span>Properties<\/span><\/h1>\n<p>[\/et_pb_text][\/et_pb_column][\/et_pb_row][et_pb_row column_structure=&#8221;3_5,2_5&#8243; module_class=&#8221;property-row&#8221; _builder_version=&#8221;4.7.5&#8243; _module_preset=&#8221;default&#8221; background_color=&#8221;#ffffff&#8221; width=&#8221;100%&#8221; collapsed=&#8221;off&#8221;][et_pb_column type=&#8221;3_5&#8243; module_class=&#8221;property-description-col&#8221; _builder_version=&#8221;4.7.5&#8243; _module_preset=&#8221;default&#8221;][et_pb_text _builder_version=&#8221;4.7.5&#8243; _module_preset=&#8221;default&#8221; custom_padding=&#8221;6px|||||&#8221; hover_enabled=&#8221;0&#8243; sticky_enabled=&#8221;0&#8243;]<\/p>\n<h4><strong>130 Bell Farm Road, Barrie, Ontario<\/strong><\/h4>\n<table>\n<tbody>\n<tr>\n<td><\/td>\n<td><\/td>\n<\/tr>\n<tr>\n<td><strong>Baujahr:<\/strong><\/td>\n<td>1993<\/td>\n<\/tr>\n<tr>\n<td><strong>Kaufdatum:<\/strong><\/td>\n<td>Oktober 2001<\/td>\n<\/tr>\n<tr>\n<td><strong>Grundst\u00fcckfl\u00e4che:<\/strong><\/td>\n<td>Bebautes Grundst\u00fcck rd. 2,47 Acre (ca. 9.995 qm)<\/td>\n<\/tr>\n<tr>\n<td><strong>Geb\u00e4ude:<\/strong><\/td>\n<td>Gewerbefl\u00e4che\u00a0 \u00a0 \u00a0 \u00a0 \u00a0 \u00a0 \u00a0 \u00a0 \u00a0 29.718 sq.ft. (2.760 qm)<br \/> Wohnungen\u00a0 \u00a0 \u00a0 \u00a0 \u00a0 \u00a0 \u00a0 \u00a0 \u00a0 \u00a0 \u00a0 \u00a0<span style=\"text-decoration: underline;\">31,435 sq.ft. (2.920 qm)<\/span><br \/> Gesamtfl\u00e4che\u00a0 \u00a0 \u00a0 \u00a0 \u00a0 \u00a0 \u00a0 \u00a0 \u00a0 \u00a0 \u00a061,153 sq.ft. (5.680 qm)<\/td>\n<\/tr>\n<tr>\n<td><strong>Mieter:<\/strong><\/td>\n<td>An 14 Gewerbe- und 34 Wohneinheiten sind vermietet.<\/td>\n<\/tr>\n<\/tbody>\n<\/table>\n<p>&nbsp;<\/p>\n<p>[\/et_pb_text][\/et_pb_column][et_pb_column type=&#8221;2_5&#8243; module_class=&#8221;property-image-col&#8221; _builder_version=&#8221;4.7.5&#8243; _module_preset=&#8221;default&#8221;][et_pb_image src=&#8221;https:\/\/navona.ca\/wp-content\/uploads\/2022\/10\/Exterior-1.jpg&#8221; title_text=&#8221;Exterior 1&#8243; align=&#8221;center&#8221; module_class=&#8221;property-img&#8221; _builder_version=&#8221;4.7.5&#8243; _module_preset=&#8221;default&#8221;][\/et_pb_image][\/et_pb_column][\/et_pb_row][\/et_pb_section]<\/p>\n","protected":false},"excerpt":{"rendered":"<p>[et_pb_section fb_built=&#8221;1&#8243; module_class=&#8221;property-section&#8221; _builder_version=&#8221;4.7.5&#8243; _module_preset=&#8221;default&#8221; background_image=&#8221;https:\/\/navona.ca\/wp-content\/uploads\/2022\/04\/portfolio-banner.png&#8221;][et_pb_row module_class=&#8221;property-title-row&#8221; _builder_version=&#8221;4.7.5&#8243; _module_preset=&#8221;default&#8221; background_color=&#8221;#fff&#8221; width=&#8221;100%&#8221; collapsed=&#8221;on&#8221;][et_pb_column type=&#8221;4_4&#8243; _builder_version=&#8221;4.7.5&#8243; _module_preset=&#8221;default&#8221;][et_pb_text _builder_version=&#8221;4.7.5&#8243; _module_preset=&#8221;default&#8221;] Portfolio | Properties [\/et_pb_text][\/et_pb_column][\/et_pb_row][et_pb_row column_structure=&#8221;3_5,2_5&#8243; module_class=&#8221;property-row&#8221; _builder_version=&#8221;4.7.5&#8243; _module_preset=&#8221;default&#8221; background_color=&#8221;#ffffff&#8221; width=&#8221;100%&#8221; collapsed=&#8221;off&#8221;][et_pb_column type=&#8221;3_5&#8243; module_class=&#8221;property-description-col&#8221; _builder_version=&#8221;4.7.5&#8243; _module_preset=&#8221;default&#8221;][et_pb_text _builder_version=&#8221;4.7.5&#8243; _module_preset=&#8221;default&#8221; custom_padding=&#8221;6px|||||&#8221; hover_enabled=&#8221;0&#8243; sticky_enabled=&#8221;0&#8243;] 130 Bell Farm Road, Barrie, Ontario Baujahr: 1993 Kaufdatum: Oktober 2001 Grundst\u00fcckfl\u00e4che: Bebautes Grundst\u00fcck rd. 2,47 Acre (ca. [&hellip;]<\/p>\n","protected":false},"author":3,"featured_media":0,"parent":0,"menu_order":0,"comment_status":"closed","ping_status":"closed","template":"","meta":{"_et_pb_use_builder":"on","_et_pb_old_content":"","_et_gb_content_width":"","footnotes":""},"class_list":["post-1392","page","type-page","status-publish","hentry"],"featured_image_src":null,"featured_image_src_square":null,"_links":{"self":[{"href":"https:\/\/navona.ca\/de\/wp-json\/wp\/v2\/pages\/1392","targetHints":{"allow":["GET"]}}],"collection":[{"href":"https:\/\/navona.ca\/de\/wp-json\/wp\/v2\/pages"}],"about":[{"href":"https:\/\/navona.ca\/de\/wp-json\/wp\/v2\/types\/page"}],"author":[{"embeddable":true,"href":"https:\/\/navona.ca\/de\/wp-json\/wp\/v2\/users\/3"}],"replies":[{"embeddable":true,"href":"https:\/\/navona.ca\/de\/wp-json\/wp\/v2\/comments?post=1392"}],"version-history":[{"count":0,"href":"https:\/\/navona.ca\/de\/wp-json\/wp\/v2\/pages\/1392\/revisions"}],"wp:attachment":[{"href":"https:\/\/navona.ca\/de\/wp-json\/wp\/v2\/media?parent=1392"}],"curies":[{"name":"wp","href":"https:\/\/api.w.org\/{rel}","templated":true}]}}